{"id":171,"date":"2021-03-04T02:29:48","date_gmt":"2021-03-04T05:29:48","guid":{"rendered":"https:\/\/www.fau.unlp.edu.ar\/revistas\/doble-via-08\/?page_id=171"},"modified":"2025-07-14T11:05:23","modified_gmt":"2025-07-14T14:05:23","slug":"acerca-de","status":"publish","type":"page","link":"https:\/\/www.fau.unlp.edu.ar\/revistas\/doble-via-08\/acerca-de\/","title":{"rendered":"Editorial"},"content":{"rendered":"<p>El <strong>Programa de Becas Internas de Entrenamiento en Extensi\u00f3n (PBIEE)<\/strong> de la FAU representa una estrategia de inter\u00e9s para fortalecer el v\u00ednculo entre la Universidad y la Sociedad. A trav\u00e9s de este programa, se establece un puente efectivo que permite a los\/as estudiantes aplicar sus conocimientos te\u00f3ricos en contextos reales, contribuyendo activamente a la soluci\u00f3n de problem\u00e1ticas comunitarias. Esta interacci\u00f3n promueve una relaci\u00f3n bidireccional, enriqueciendo tanto a la universidad como a la comunidad, donde el aprendizaje es mutuo y constante.<\/p>\n<p>Uno de los aportes m\u00e1s significativos del PBIEE es su contribuci\u00f3n a la formaci\u00f3n integral de estudiantes y graduados. Al involucrarse en proyectos de extensi\u00f3n, quienes participan desarrollan habilidades pr\u00e1cticas que complementan la formaci\u00f3n curricular con sentido de responsabilidad social, como estrategia para enfrentar los desaf\u00edos de la sociedad con una perspectiva m\u00e1s amplia y comprometida.<\/p>\n<p>El programa tambi\u00e9n incrementa la visibilizaci\u00f3n y valorizaci\u00f3n de la Extensi\u00f3n Universitaria. Al dar mayor visibilidad a estas actividades, se reconoce su importancia como una funci\u00f3n sustantiva de la universidad. El PBIEE promueve la generaci\u00f3n de conocimiento situado y relevante, que responde directamente a las necesidades espec\u00edficas de la comunidad, generando un impacto tangible en la transformaci\u00f3n social.<\/p>\n<p><strong>Arq. Gustavo P\u00e1ez<\/strong><br \/>\n<strong>Decano FAU<\/strong><\/p>\n","protected":false},"excerpt":{"rendered":"<p>El Programa de Becas Internas de Entrenamiento en Extensi\u00f3n (PBIEE) de la FAU representa una estrategia de inter\u00e9s para fortalecer el v\u00ednculo entre la Universidad y la Sociedad. A trav\u00e9s de este programa, se establece un puente efectivo que permite a los\/as estudiantes aplicar sus conocimientos te\u00f3ricos en contextos reales, contribuyendo activamente a la soluci\u00f3n [&hellip;]<\/p>\n","protected":false},"author":3,"featured_media":0,"parent":0,"menu_order":0,"comment_status":"closed","ping_status":"closed","template":"","meta":{"footnotes":""},"class_list":["post-171","page","type-page","status-publish","hentry"],"_links":{"self":[{"href":"https:\/\/www.fau.unlp.edu.ar\/revistas\/doble-via-08\/wp-json\/wp\/v2\/pages\/171","targetHints":{"allow":["GET"]}}],"collection":[{"href":"https:\/\/www.fau.unlp.edu.ar\/revistas\/doble-via-08\/wp-json\/wp\/v2\/pages"}],"about":[{"href":"https:\/\/www.fau.unlp.edu.ar\/revistas\/doble-via-08\/wp-json\/wp\/v2\/types\/page"}],"author":[{"embeddable":true,"href":"https:\/\/www.fau.unlp.edu.ar\/revistas\/doble-via-08\/wp-json\/wp\/v2\/users\/3"}],"replies":[{"embeddable":true,"href":"https:\/\/www.fau.unlp.edu.ar\/revistas\/doble-via-08\/wp-json\/wp\/v2\/comments?post=171"}],"version-history":[{"count":3,"href":"https:\/\/www.fau.unlp.edu.ar\/revistas\/doble-via-08\/wp-json\/wp\/v2\/pages\/171\/revisions"}],"predecessor-version":[{"id":592,"href":"https:\/\/www.fau.unlp.edu.ar\/revistas\/doble-via-08\/wp-json\/wp\/v2\/pages\/171\/revisions\/592"}],"wp:attachment":[{"href":"https:\/\/www.fau.unlp.edu.ar\/revistas\/doble-via-08\/wp-json\/wp\/v2\/media?parent=171"}],"curies":[{"name":"wp","href":"https:\/\/api.w.org\/{rel}","templated":true}]}}