{"id":171,"date":"2021-03-04T02:29:48","date_gmt":"2021-03-04T05:29:48","guid":{"rendered":"https:\/\/www.fau.unlp.edu.ar\/revistas\/doble-via-06\/?page_id=171"},"modified":"2021-05-06T14:30:56","modified_gmt":"2021-05-06T17:30:56","slug":"acerca-de","status":"publish","type":"page","link":"https:\/\/www.fau.unlp.edu.ar\/revistas\/doble-via-06\/acerca-de\/","title":{"rendered":"Editorial"},"content":{"rendered":"<p>La crisis generada por la pandemia ha atravesado, y atraviesa, todos los \u00f3rdenes de nuestras vidas cotidianas. Hemos hecho grandes esfuerzos por abordar las dificultades con propuestas de continuidad que buscaron sostener las tareas y dar respuesta a\u00a0 una realidad inesperada e in\u00e9dita.<\/p>\n<p>Como parte de la pol\u00edtica institucional de la FAU, la publicaci\u00f3n\u00a0<strong>DOBLE VIA: Universidad-Sociedad<\/strong> tiene el objetivo de fortalecer la difusi\u00f3n de las actividades desarrolladas en el contexto social desde que se iniciaron el ASPO y el DISPO. Optamos por un enfoque que vincula a los\/as distintos integrantes de la propia comunidad acad\u00e9mica, de la universidad, la ciudad y la regi\u00f3n de pertenencia.<\/p>\n<p><em>Arq. Marcelo Urrutia<\/em><br \/>\n<em>Secretario de Extensi\u00f3n de la FAU<\/em><\/p>\n<p>.<\/p>\n<p><img loading=\"lazy\" decoding=\"async\" class=\"alignnone wp-image-451\" src=\"https:\/\/www.fau.unlp.edu.ar\/revistas\/doble-via-06\/wp-content\/uploads\/2021\/05\/trama-inf.jpg\" alt=\"\" width=\"1200\" height=\"187\" srcset=\"https:\/\/www.fau.unlp.edu.ar\/revistas\/doble-via-06\/wp-content\/uploads\/2021\/05\/trama-inf.jpg 770w, https:\/\/www.fau.unlp.edu.ar\/revistas\/doble-via-06\/wp-content\/uploads\/2021\/05\/trama-inf-632x98.jpg 632w, https:\/\/www.fau.unlp.edu.ar\/revistas\/doble-via-06\/wp-content\/uploads\/2021\/05\/trama-inf-768x120.jpg 768w, https:\/\/www.fau.unlp.edu.ar\/revistas\/doble-via-06\/wp-content\/uploads\/2021\/05\/trama-inf-738x115.jpg 738w, https:\/\/www.fau.unlp.edu.ar\/revistas\/doble-via-06\/wp-content\/uploads\/2021\/05\/trama-inf-750x117.jpg 750w\" sizes=\"auto, (max-width: 1200px) 100vw, 1200px\" \/><\/p>\n","protected":false},"excerpt":{"rendered":"<p>La crisis generada por la pandemia ha atravesado, y atraviesa, todos los \u00f3rdenes de nuestras vidas cotidianas. Hemos hecho grandes esfuerzos por abordar las dificultades con propuestas de continuidad que buscaron sostener las tareas y dar respuesta a\u00a0 una realidad inesperada e in\u00e9dita. Como parte de la pol\u00edtica institucional de la FAU, la publicaci\u00f3n\u00a0DOBLE VIA: [&hellip;]<\/p>\n","protected":false},"author":3,"featured_media":0,"parent":0,"menu_order":0,"comment_status":"closed","ping_status":"closed","template":"","meta":{"footnotes":""},"class_list":["post-171","page","type-page","status-publish","hentry"],"_links":{"self":[{"href":"https:\/\/www.fau.unlp.edu.ar\/revistas\/doble-via-06\/wp-json\/wp\/v2\/pages\/171","targetHints":{"allow":["GET"]}}],"collection":[{"href":"https:\/\/www.fau.unlp.edu.ar\/revistas\/doble-via-06\/wp-json\/wp\/v2\/pages"}],"about":[{"href":"https:\/\/www.fau.unlp.edu.ar\/revistas\/doble-via-06\/wp-json\/wp\/v2\/types\/page"}],"author":[{"embeddable":true,"href":"https:\/\/www.fau.unlp.edu.ar\/revistas\/doble-via-06\/wp-json\/wp\/v2\/users\/3"}],"replies":[{"embeddable":true,"href":"https:\/\/www.fau.unlp.edu.ar\/revistas\/doble-via-06\/wp-json\/wp\/v2\/comments?post=171"}],"version-history":[{"count":3,"href":"https:\/\/www.fau.unlp.edu.ar\/revistas\/doble-via-06\/wp-json\/wp\/v2\/pages\/171\/revisions"}],"predecessor-version":[{"id":449,"href":"https:\/\/www.fau.unlp.edu.ar\/revistas\/doble-via-06\/wp-json\/wp\/v2\/pages\/171\/revisions\/449"}],"wp:attachment":[{"href":"https:\/\/www.fau.unlp.edu.ar\/revistas\/doble-via-06\/wp-json\/wp\/v2\/media?parent=171"}],"curies":[{"name":"wp","href":"https:\/\/api.w.org\/{rel}","templated":true}]}}