{"id":726,"date":"2026-03-18T16:26:38","date_gmt":"2026-03-18T19:26:38","guid":{"rendered":"https:\/\/www.fau.unlp.edu.ar\/expos\/espacio-q\/?page_id=726"},"modified":"2026-03-27T09:22:13","modified_gmt":"2026-03-27T12:22:13","slug":"el-espacio","status":"publish","type":"page","link":"https:\/\/www.fau.unlp.edu.ar\/expos\/espacio-q\/el-espacio\/","title":{"rendered":"Quonset"},"content":{"rendered":"<h2>Su historia, su futuro<\/h2>\n<p>El Espacio Q se aloja en un quonset, un cobertizo prefabricado liviano de acero, con estructura de perfiles conformados (\u201cnervaduras arqueadas\u201d) y envolvente de chapas galvanizadas con estampado sinusoidal (chapa acanalada), con secci\u00f3n en forma de semic\u00edrculo. Su dise\u00f1o fue desarrollado en Estados Unidos durante la d\u00e9cada de 1940 \u2013desde la participaci\u00f3n de ese pa\u00eds en la Segunda Guerra Mundial.<\/p>\n<p>En ese contexto, las primeras versiones norteamericanas fueron fabricadas en 1941, cuando la Marina de Estados Unidos tuvo la necesidad de contar con una cobertura prefabricada, liviana y multiprop\u00f3sito, que pudiera ser despachada a cualquier sitio donde fuera necesario y que pudiera ser armada por personal sin entrenamiento especial; para lo cual se publicaron manuales para su montaje. El nombre Quonset con que se las conocer\u00eda en adelante, hace referencia al sitio en el cual se fabricaron las primeras unidades: en Quonset Point en el Centro del Batall\u00f3n de Construcciones Navales de Davisville, en Rhode Island.<\/p>\n<p>En el caso de nuestro pa\u00eds, la adquisici\u00f3n material remanente de la Segunda Guerra estuvo a cargo del Instituto Argentino de Promoci\u00f3n del Intercambio (IAPI), un ente p\u00fablico argentino que ten\u00eda como finalidad centralizar el comercio exterior y transferir recursos entre los diferentes sectores de la econom\u00eda.<\/p>\n<p>Uno de esos quonset llega a la FAU para convertirse en la primer aula de la Facultad. Durante muchos a\u00f1os ha sido utilizado como espacio de talleres y clases, quedando en la memoria de docentes y estudiantes.<\/p>\n<p>Luego de un trabajo de restauraci\u00f3n y mejoras en t\u00e9rminos de accesibilidad, eficiencia energ\u00e9tica y funcionalidad interior hoy se vuelve a abrir con un nuevo uso. Se conforma como \u00e1mbito de exposiciones y Sala de Cogobierno. Este proceso se llev\u00f3 a cabo con especial cuidado de la preservaci\u00f3n de la identidad arquitect\u00f3nica. Se conservaron y restauraron elementos arquitect\u00f3nicos originales, como ventanas y detalles estructurales,y se respet\u00f3 la geometr\u00eda y materiales originales del edificio. En su interior se realiz\u00f3 un revestimiento de madera laminada respetando el modulo del mismo que se instalaron manteniendo su apariencia distintiva y su valor hist\u00f3rico.<\/p>\n","protected":false},"excerpt":{"rendered":"<p>Su historia, su futuro El Espacio Q se aloja en un quonset, un cobertizo prefabricado liviano de acero, con estructura de perfiles conformados (\u201cnervaduras arqueadas\u201d) y envolvente de chapas galvanizadas con estampado sinusoidal (chapa acanalada), con secci\u00f3n en forma de semic\u00edrculo. Su dise\u00f1o fue desarrollado en Estados Unidos durante la d\u00e9cada de 1940 \u2013desde la [&hellip;]<\/p>\n","protected":false},"author":3,"featured_media":0,"parent":0,"menu_order":0,"comment_status":"closed","ping_status":"closed","template":"","meta":{"footnotes":""},"class_list":["post-726","page","type-page","status-publish","hentry"],"_links":{"self":[{"href":"https:\/\/www.fau.unlp.edu.ar\/expos\/espacio-q\/wp-json\/wp\/v2\/pages\/726","targetHints":{"allow":["GET"]}}],"collection":[{"href":"https:\/\/www.fau.unlp.edu.ar\/expos\/espacio-q\/wp-json\/wp\/v2\/pages"}],"about":[{"href":"https:\/\/www.fau.unlp.edu.ar\/expos\/espacio-q\/wp-json\/wp\/v2\/types\/page"}],"author":[{"embeddable":true,"href":"https:\/\/www.fau.unlp.edu.ar\/expos\/espacio-q\/wp-json\/wp\/v2\/users\/3"}],"replies":[{"embeddable":true,"href":"https:\/\/www.fau.unlp.edu.ar\/expos\/espacio-q\/wp-json\/wp\/v2\/comments?post=726"}],"version-history":[{"count":3,"href":"https:\/\/www.fau.unlp.edu.ar\/expos\/espacio-q\/wp-json\/wp\/v2\/pages\/726\/revisions"}],"predecessor-version":[{"id":789,"href":"https:\/\/www.fau.unlp.edu.ar\/expos\/espacio-q\/wp-json\/wp\/v2\/pages\/726\/revisions\/789"}],"wp:attachment":[{"href":"https:\/\/www.fau.unlp.edu.ar\/expos\/espacio-q\/wp-json\/wp\/v2\/media?parent=726"}],"curies":[{"name":"wp","href":"https:\/\/api.w.org\/{rel}","templated":true}]}}