{"id":43,"date":"2021-03-03T17:06:37","date_gmt":"2021-03-03T20:06:37","guid":{"rendered":"https:\/\/www.fau.unlp.edu.ar\/expos\/8M\/?page_id=43"},"modified":"2021-03-04T10:28:49","modified_gmt":"2021-03-04T13:28:49","slug":"curaduria","status":"publish","type":"page","link":"https:\/\/www.fau.unlp.edu.ar\/expos\/8M\/curaduria\/","title":{"rendered":"Curadur\u00eda"},"content":{"rendered":"<h3>Dra. Arqa. VIVIANA SCHAPOSNIK<\/h3>\n<p>La Doctora Arquitecta Viviana SCHAPOSNIK es graduada de la Facultad de Arquitectura y Urbanismo de la UNLP y ha desarrollado en ese \u00e1mbito una extensa y sobresaliente carrera.<\/p>\n<p>En su condici\u00f3n de joven Mujer Arquitecta su regreso a la Facultad, ya como docente, constituy\u00f3 un s\u00edmbolo de la reconstrucci\u00f3n acad\u00e9mica de ese \u00e1mbito, tras la recuperaci\u00f3n de la democracia.<\/p>\n<p>Se ha desempe\u00f1ado en la asignatura Representaci\u00f3n Gr\u00e1fica y en los talleres de Comunicaci\u00f3n y Arquitectura, alcanzando el cargo de Profesora Titular Ordinaria en esos tres espacios pedag\u00f3gicos, entre 1987 y 1998, a partir de concursos nacionales de Antecedentes, Oposici\u00f3n y Propuesta Pedag\u00f3gica, p\u00fablicos y abiertos.<\/p>\n<p>Desde 1989 desarroll\u00f3 tambi\u00e9n una intensa actividad en el campo de la Investigaci\u00f3n y la Extensi\u00f3n, dirigiendo numerosos proyectos, formando j\u00f3venes investigadores, publicando libros y art\u00edculos en medios especializados de primer nivel en el \u00e1mbito nacional e internacional; alcanzando distintos reconocimientos.<\/p>\n<p>Sostuvo una nutrida actividad en el \u00e1mbito profesional, participando tambi\u00e9n de numerosos concursos y obteniendo varios primeros premios y menciones.<\/p>\n<p>Se desempe\u00f1\u00f3 activamente en la ense\u00f1anza de posgrado, llegando a crear la Maestr\u00eda en Morfolog\u00eda Arquitect\u00f3nica.<\/p>\n<p>En paralelo a su desempe\u00f1o disciplinar ha construido una s\u00f3lida y valorada trayectoria art\u00edstica, la cual desarrolla intensamente en la actualidad.<\/p>\n<p>Fue la primera Profesora en doctorarse en la FAU UNLP y es actualmente Profesora Consulta de \u00e9sta casa de estudios.<\/p>\n<h3><strong>Arq. HUGO OLIVIERI<\/strong><\/h3>\n<p>Arquitecto diplomado de la Facultad de Arquitectura y Urbanismo de la Universidad Nacional de la Plata en 1968.<\/p>\n<p>Fue Vicedecano de la Facultad de Arquitectura y Urbanismo de la Universidad Nacional de la Plata durante dos per\u00edodos, desde 1995 al 2001. Asumi\u00f3 como Decano provisoriamente de Septiembre a Octubre de 1998. En su gesti\u00f3n se cre\u00f3 la Direcci\u00f3n de Obras y Proyectos FAU-UNLP en la cual fue Director. Se desarrollaron importantes obras de mantenimiento, mejoramiento y ampliaci\u00f3n del predio FAU-UNLP.<\/p>\n<p>Se ha desempe\u00f1ado como \u00a0profesor adjunto y profesor titular en el taller de Comunicaci\u00f3n de la FAU UNLP. Fue Profesor Adjunto en la asignatura Sistemas de Representaci\u00f3n de la FAU-UNLP. Y Profesor Adjunto en la asignatura Visi\u00f3n de la Facultad de Bellas Artes-UNLP.<\/p>\n<p>Particip\u00f3 como organizador en exposiciones, ciclos de seminarios, conferencias y mesas redondas como representante de la Facultad de Arquitectura y Urbanismo de la Universidad Nacional de la Plata.<\/p>\n<p>Desde 1968 a la actualidad desarrolla el ejercicio de la profesi\u00f3n, en car\u00e1cter independiente en forma individual y\/o asociado. Ha realizado proyectos, direcci\u00f3n t\u00e9cnica y ejecuci\u00f3n. Ha participado asociado con distintos profesionales en concursos de ideas y anteproyectos, nacionales e internacionales, obteniendo premios y menciones.<\/p>\n<p>Se destaca su actividad en el campo del arte, sobre todo con dibujos en tintas y acuarelas, con participaciones individuales y colectivas en varias exposiciones y muestras.<\/p>\n<p>Actualmente es Profesor Consulto de la FAU UNLP.<\/p>\n<p><strong>Arqa. CLAUDIA WASLET\u00a0<\/strong><\/p>\n<p>Graduada de la Facultad de Arquitectura y Urbanismo de la Universal Nacional de La Plata en el a\u00f1o 1991. Se ha desempe\u00f1ado como docente en la FAU desde el a\u00f1o 1990. Es actualmente Jefa de Trabajos Pr\u00e1cticos en las materias Arquitectura, Comunicaci\u00f3n y Teor\u00eda y forma parte del equipo de docentes responsables de la Asignatura Electiva Orientada Arte+Ciudad que se dicta desde el a\u00f1o 2018.<\/p>\n<p>Es investigadora Categor\u00eda III del Instituto de Investigaciones en Historia, Teor\u00eda y Praxis de la Arquitectura y la Ciudad HiTePAC, conformando parte de un equipo que ha realizado varios proyectos sobre tem\u00e1ticas vinculadas al territorio, al paisaje y al proyecto urbano. Como parte de este equipo ha realizado publicaciones y art\u00edculos y participado con ponencias en eventos nacionales e internacionales. Curs\u00f3 la Maestr\u00eda en Paisaje, Medio Ambiente y Ciudad de la FAU UNLP y varios cursos de posgrado ligados a las tem\u00e1ticas de su investigaci\u00f3n. Ha participado como colaboradora en concursos de arquitectura, obteniendo premios y menciones.<\/p>\n<p>Como parte de su formaci\u00f3n complementaria, estudi\u00f3 en la Escuela Superior de Formaci\u00f3n Fotogr\u00e1fica dirigida por el fot\u00f3grafo y arquitecto Vicente Viola. Tambi\u00e9n estudi\u00f3 con reconocidos fot\u00f3grafos como Mario Chierico, Ataulfo P\u00e9rez Aznar y Norberto Ferraris. Ha participado en exposiciones individuales y colectivas. Tambi\u00e9n ha colaborado con material fotogr\u00e1fico en diversas publicaciones y revistas.<\/p>\n<h3><\/h3>\n","protected":false},"excerpt":{"rendered":"<p>Dra. Arqa. VIVIANA SCHAPOSNIK La Doctora Arquitecta Viviana SCHAPOSNIK es graduada de la Facultad de Arquitectura y Urbanismo de la UNLP y ha desarrollado en ese \u00e1mbito una extensa y sobresaliente carrera. En su condici\u00f3n de joven Mujer Arquitecta su regreso a la Facultad, ya como docente, constituy\u00f3 un s\u00edmbolo de la reconstrucci\u00f3n acad\u00e9mica de [&hellip;]<\/p>\n","protected":false},"author":10,"featured_media":0,"parent":0,"menu_order":0,"comment_status":"closed","ping_status":"closed","template":"","meta":{"footnotes":""},"class_list":["post-43","page","type-page","status-publish","hentry"],"_links":{"self":[{"href":"https:\/\/www.fau.unlp.edu.ar\/expos\/8M\/wp-json\/wp\/v2\/pages\/43","targetHints":{"allow":["GET"]}}],"collection":[{"href":"https:\/\/www.fau.unlp.edu.ar\/expos\/8M\/wp-json\/wp\/v2\/pages"}],"about":[{"href":"https:\/\/www.fau.unlp.edu.ar\/expos\/8M\/wp-json\/wp\/v2\/types\/page"}],"author":[{"embeddable":true,"href":"https:\/\/www.fau.unlp.edu.ar\/expos\/8M\/wp-json\/wp\/v2\/users\/10"}],"replies":[{"embeddable":true,"href":"https:\/\/www.fau.unlp.edu.ar\/expos\/8M\/wp-json\/wp\/v2\/comments?post=43"}],"version-history":[{"count":3,"href":"https:\/\/www.fau.unlp.edu.ar\/expos\/8M\/wp-json\/wp\/v2\/pages\/43\/revisions"}],"predecessor-version":[{"id":302,"href":"https:\/\/www.fau.unlp.edu.ar\/expos\/8M\/wp-json\/wp\/v2\/pages\/43\/revisions\/302"}],"wp:attachment":[{"href":"https:\/\/www.fau.unlp.edu.ar\/expos\/8M\/wp-json\/wp\/v2\/media?parent=43"}],"curies":[{"name":"wp","href":"https:\/\/api.w.org\/{rel}","templated":true}]}}