{"id":171,"date":"2021-03-04T02:29:48","date_gmt":"2021-03-04T05:29:48","guid":{"rendered":"https:\/\/www.fau.unlp.edu.ar\/expos\/8M\/?page_id=171"},"modified":"2021-03-08T13:52:54","modified_gmt":"2021-03-08T16:52:54","slug":"acerca-de","status":"publish","type":"page","link":"https:\/\/www.fau.unlp.edu.ar\/expos\/8M\/acerca-de\/","title":{"rendered":"Acerca de"},"content":{"rendered":"<p>Esta muestra -que se convertir\u00e1 en un espacio permanente- se realiza en el marco de la conmemoraci\u00f3n del <strong>D\u00eda Internacional de la Mujer.<\/strong> Se trata de una fecha que, si bien en 2011 cumpli\u00f3 un siglo, reci\u00e9n desde ese a\u00f1o empez\u00f3 a ser reconocida internacionalmente como s\u00edmbolo de la b\u00fasqueda de igualdad de g\u00e9neros y en contra de toda forma de violencia y expresiones hostiles en los campos de lo sexual, social, cultural, pol\u00edtico y econ\u00f3mico.\u00a0<strong>8M: Las Arquitectas FAU<\/strong> exponen se enfoca en visibilizar las expresiones art\u00edsticas producidas por graduadas y\/o docentes de nuestra Facultad.<\/p>\n<blockquote><p>&#8220;La muestra 8M Las Arquitectas FAU Exponen en conmemoraci\u00f3n del D\u00eda Internacional de la Mujer, posibilita compartir el trabajo de profesionales mujeres vinculadas a la Arquitectura que adem\u00e1s exploran el mundo de la creaci\u00f3n y la expresi\u00f3n art\u00edstica, desplegando sus m\u00faltiples miradas y un abordaje amplio de tem\u00e1ticas y t\u00e9cnicas.<\/p>\n<p>Estas fotograf\u00edas, collages, pinturas, dibujos y objetos hablan. Hablan de la riqueza en el cruce entre la arquitectura y el arte, sus intercambios e influencias compartidas. Consignan la voz de una \u00e9poca y dejan en evidencia la importancia de rescatar estos espacios de exposici\u00f3n y reconocimiento en el marco de un \u00e1mbito acad\u00e9mico, voz que nos invita a reflexionar sobre nuestra formaci\u00f3n y nuestro trabajo como graduadas y docentes de la FAU.<\/p>\n<p>Hoy m\u00e1s que nunca estas voces inspiran. Estas obras de mujeres inspiradas e inspiradoras abren camino y marcan trayectorias posibles. Ponen en evidencia el momento de transici\u00f3n en el que vivimos y alientan a experimentar, crear y a hacer valer el lugar que ocupan en el mundo del arte y la Arquitectura.<\/p>\n<p>Aprovechemos esta oportunidad de conmemoraci\u00f3n para recordar que a\u00fan quedan muchas voces por alzar y deudas por saldar en cuestiones de discriminaci\u00f3n, seguridad, derechos e igualdad de oportunidades para las mujeres de todo el planeta&#8221;.<\/p><\/blockquote>\n<p><strong>Arqa Claudia Waslet<\/strong><\/p>\n<p>Coordinadora<\/p>\n<blockquote><p>&#8220;Los arquitectos a lo largo de nuestra formaci\u00f3n y utilizando diferentes metodolog\u00edas, aprendemos a dibujar (comunicar) la arquitectura; este aprendizaje va desplazando en muchos casos otras formas de expresi\u00f3n a veces pre-existentes que subsisten en estado de vida latente hasta que alguna circunstancia las despierta y hace que renazcan con fuerza.<\/p>\n<p>Esto fue lo que en primera instancia vi en la tem\u00e1tica abordada por los trabajos presentados. Cuando yo supon\u00eda que iba a encontrar muchos \u201cdibujos de arquitecto\u201d, no fue as\u00ed, los temas que encontr\u00e9 fueron de una diversidad muy amplia y de una riqueza importante.<\/p>\n<p>Y estas palabras son tambi\u00e9n una autocr\u00edtica, porque al dejar de ejercer la profesi\u00f3n de arquitecto volv\u00ed a pintar con intensidad como lo hac\u00eda en la juventud, en donde el dibujo de la arquitectura dej\u00f3 de ser el protagonista para ser un elemento m\u00e1s en el armado de la imagen.<\/p>\n<p>Por lo tanto un afectuoso saludo a las arquitectas participantes y tambi\u00e9n una respetuosa invitaci\u00f3n a profundizar la investigaci\u00f3n en las t\u00e9cnicas utilizadas&#8221;<\/p><\/blockquote>\n<p><strong>Arq. Hugo Olivieri<\/strong><\/p>\n<p>Curador<\/p>\n<blockquote><p>&#8220;Adhiero y confirmo totalmente estos conceptos precedentes, porque yo tambi\u00e9n doy cauce a una incontenible creatividad actual a trav\u00e9s de la expresi\u00f3n por im\u00e1genes, s\u00f3lo que desde una indagatoria digital dominante.<\/p>\n<p>Pero siento que esa marca que ha estampado en m\u00ed la Arquitectura, subyace en toda mi producci\u00f3n anterior y actual: no har\u00eda lo que hago si no fuera Arquitecta.<\/p>\n<p>En cuanto a la\u2026\u201crespetuosa invitaci\u00f3n a profundizar la investigaci\u00f3n en las t\u00e9cnicas utilizadas\u201d,es el acertado consejo que corroboro: investigar es descubrir y eso conduce a la superaci\u00f3n permanente que hace que nos sintamos vigentes, a\u00fan ante el paso implacable del tiempo.<\/p>\n<p>Somos Arquitectas y en este caso respondimos como tales, espero quepronto esta diferenciaci\u00f3n necesaria hoy para reclamar, ya no exista&#8221;.<\/p><\/blockquote>\n<p><strong>Dra. Arqa. Viviana Schaposnik<\/strong><\/p>\n<p>Curadora<\/p>\n","protected":false},"excerpt":{"rendered":"<p>Esta muestra -que se convertir\u00e1 en un espacio permanente- se realiza en el marco de la conmemoraci\u00f3n del D\u00eda Internacional de la Mujer. Se trata de una fecha que, si bien en 2011 cumpli\u00f3 un siglo, reci\u00e9n desde ese a\u00f1o empez\u00f3 a ser reconocida internacionalmente como s\u00edmbolo de la b\u00fasqueda de igualdad de g\u00e9neros y [&hellip;]<\/p>\n","protected":false},"author":3,"featured_media":0,"parent":0,"menu_order":0,"comment_status":"closed","ping_status":"closed","template":"","meta":{"footnotes":""},"class_list":["post-171","page","type-page","status-publish","hentry"],"_links":{"self":[{"href":"https:\/\/www.fau.unlp.edu.ar\/expos\/8M\/wp-json\/wp\/v2\/pages\/171","targetHints":{"allow":["GET"]}}],"collection":[{"href":"https:\/\/www.fau.unlp.edu.ar\/expos\/8M\/wp-json\/wp\/v2\/pages"}],"about":[{"href":"https:\/\/www.fau.unlp.edu.ar\/expos\/8M\/wp-json\/wp\/v2\/types\/page"}],"author":[{"embeddable":true,"href":"https:\/\/www.fau.unlp.edu.ar\/expos\/8M\/wp-json\/wp\/v2\/users\/3"}],"replies":[{"embeddable":true,"href":"https:\/\/www.fau.unlp.edu.ar\/expos\/8M\/wp-json\/wp\/v2\/comments?post=171"}],"version-history":[{"count":3,"href":"https:\/\/www.fau.unlp.edu.ar\/expos\/8M\/wp-json\/wp\/v2\/pages\/171\/revisions"}],"predecessor-version":[{"id":316,"href":"https:\/\/www.fau.unlp.edu.ar\/expos\/8M\/wp-json\/wp\/v2\/pages\/171\/revisions\/316"}],"wp:attachment":[{"href":"https:\/\/www.fau.unlp.edu.ar\/expos\/8M\/wp-json\/wp\/v2\/media?parent=171"}],"curies":[{"name":"wp","href":"https:\/\/api.w.org\/{rel}","templated":true}]}}